{"id":3707,"date":"2025-07-19T10:00:25","date_gmt":"2025-07-19T08:00:25","guid":{"rendered":"https:\/\/techniquekaedissaec.com\/?page_id=3707"},"modified":"2025-09-10T21:31:53","modified_gmt":"2025-09-10T19:31:53","slug":"temoignages-soins-energetiques","status":"publish","type":"page","link":"https:\/\/techniquekaedissaec.com\/es\/temoignages-soins-energetiques\/","title":{"rendered":"Testimonios"},"content":{"rendered":"","protected":false},"excerpt":{"rendered":"","protected":false},"author":1,"featured_media":0,"parent":0,"menu_order":0,"comment_status":"closed","ping_status":"closed","template":"page-temoignages-template","meta":{"saved_in_kubio":true,"_joinchat":[],"footnotes":""},"class_list":["post-3707","page","type-page","status-publish","hentry"],"kubio_ai_page_context":{"short_desc":"","purpose":"general"},"yoast_head":"<!-- This site is optimized with the Yoast SEO plugin v27.4 - https:\/\/yoast.com\/product\/yoast-seo-wordpress\/ -->\n<title>T\u00e9moignages clients \u2013 D\u00e9couvrez leurs exp\u00e9riences authentiques<\/title>\n<meta name=\"description\" content=\"Je partage les t\u00e9moignages de mes clients sur leurs soins \u00e9nerg\u00e9tiques et leur chemin de bien-\u00eatre. D\u00e9couvrez leurs exp\u00e9riences sinc\u00e8res.\" \/>\n<meta name=\"robots\" content=\"index, follow, max-snippet:-1, max-image-preview:large, max-video-preview:-1\" \/>\n<link rel=\"canonical\" href=\"https:\/\/techniquekaedissaec.com\/es\/temoignages-soins-energetiques\/\" \/>\n<meta property=\"og:locale\" content=\"es_ES\" \/>\n<meta property=\"og:type\" content=\"article\" \/>\n<meta property=\"og:title\" content=\"T\u00e9moignages clients \u2013 D\u00e9couvrez leurs exp\u00e9riences authentiques\" \/>\n<meta property=\"og:description\" content=\"Je partage les t\u00e9moignages de mes clients sur leurs soins \u00e9nerg\u00e9tiques et leur chemin de bien-\u00eatre. D\u00e9couvrez leurs exp\u00e9riences sinc\u00e8res.\" \/>\n<meta property=\"og:url\" content=\"https:\/\/techniquekaedissaec.com\/es\/temoignages-soins-energetiques\/\" \/>\n<meta property=\"og:site_name\" content=\"Energeti KA Edissaec\" \/>\n<meta property=\"article:modified_time\" content=\"2025-09-10T19:31:53+00:00\" \/>\n<meta name=\"twitter:card\" content=\"summary_large_image\" \/>\n<script type=\"application\/ld+json\" class=\"yoast-schema-graph\">{\"@context\":\"https:\\\/\\\/schema.org\",\"@graph\":[{\"@type\":\"WebPage\",\"@id\":\"https:\\\/\\\/techniquekaedissaec.com\\\/temoignages-soins-energetiques\\\/\",\"url\":\"https:\\\/\\\/techniquekaedissaec.com\\\/temoignages-soins-energetiques\\\/\",\"name\":\"T\u00e9moignages clients \u2013 D\u00e9couvrez leurs exp\u00e9riences authentiques\",\"isPartOf\":{\"@id\":\"https:\\\/\\\/techniquekaedissaec.com\\\/#website\"},\"datePublished\":\"2025-07-19T08:00:25+00:00\",\"dateModified\":\"2025-09-10T19:31:53+00:00\",\"description\":\"Je partage les t\u00e9moignages de mes clients sur leurs soins \u00e9nerg\u00e9tiques et leur chemin de bien-\u00eatre. D\u00e9couvrez leurs exp\u00e9riences sinc\u00e8res.\",\"breadcrumb\":{\"@id\":\"https:\\\/\\\/techniquekaedissaec.com\\\/temoignages-soins-energetiques\\\/#breadcrumb\"},\"inLanguage\":\"es\",\"potentialAction\":[{\"@type\":\"ReadAction\",\"target\":[\"https:\\\/\\\/techniquekaedissaec.com\\\/temoignages-soins-energetiques\\\/\"]}]},{\"@type\":\"BreadcrumbList\",\"@id\":\"https:\\\/\\\/techniquekaedissaec.com\\\/temoignages-soins-energetiques\\\/#breadcrumb\",\"itemListElement\":[{\"@type\":\"ListItem\",\"position\":1,\"name\":\"Portada\",\"item\":\"https:\\\/\\\/techniquekaedissaec.com\\\/\"},{\"@type\":\"ListItem\",\"position\":2,\"name\":\"T\u00e9moignages\"}]},{\"@type\":\"WebSite\",\"@id\":\"https:\\\/\\\/techniquekaedissaec.com\\\/#website\",\"url\":\"https:\\\/\\\/techniquekaedissaec.com\\\/\",\"name\":\"Energeti KA Edissaec\",\"description\":\"Lib\u00e9rer ses blessures \u00e9motionnelles pour se reconnecter \u00e0 sa divinit\u00e9\",\"publisher\":{\"@id\":\"https:\\\/\\\/techniquekaedissaec.com\\\/#organization\"},\"potentialAction\":[{\"@type\":\"SearchAction\",\"target\":{\"@type\":\"EntryPoint\",\"urlTemplate\":\"https:\\\/\\\/techniquekaedissaec.com\\\/?s={search_term_string}\"},\"query-input\":{\"@type\":\"PropertyValueSpecification\",\"valueRequired\":true,\"valueName\":\"search_term_string\"}}],\"inLanguage\":\"es\"},{\"@type\":\"Organization\",\"@id\":\"https:\\\/\\\/techniquekaedissaec.com\\\/#organization\",\"name\":\"Energeti KA Edissaec\",\"url\":\"https:\\\/\\\/techniquekaedissaec.com\\\/\",\"logo\":{\"@type\":\"ImageObject\",\"inLanguage\":\"es\",\"@id\":\"https:\\\/\\\/techniquekaedissaec.com\\\/#\\\/schema\\\/logo\\\/image\\\/\",\"url\":\"https:\\\/\\\/techniquekaedissaec.com\\\/wp-content\\\/uploads\\\/2025\\\/07\\\/Logo-06.png\",\"contentUrl\":\"https:\\\/\\\/techniquekaedissaec.com\\\/wp-content\\\/uploads\\\/2025\\\/07\\\/Logo-06.png\",\"width\":1334,\"height\":934,\"caption\":\"Energeti KA Edissaec\"},\"image\":{\"@id\":\"https:\\\/\\\/techniquekaedissaec.com\\\/#\\\/schema\\\/logo\\\/image\\\/\"}}]}<\/script>\n<!-- \/ Yoast SEO plugin. -->","yoast_head_json":{"title":"T\u00e9moignages clients \u2013 D\u00e9couvrez leurs exp\u00e9riences authentiques","description":"Je partage les t\u00e9moignages de mes clients sur leurs soins \u00e9nerg\u00e9tiques et leur chemin de bien-\u00eatre. D\u00e9couvrez leurs exp\u00e9riences sinc\u00e8res.","robots":{"index":"index","follow":"follow","max-snippet":"max-snippet:-1","max-image-preview":"max-image-preview:large","max-video-preview":"max-video-preview:-1"},"canonical":"https:\/\/techniquekaedissaec.com\/es\/temoignages-soins-energetiques\/","og_locale":"es_ES","og_type":"article","og_title":"T\u00e9moignages clients \u2013 D\u00e9couvrez leurs exp\u00e9riences authentiques","og_description":"Je partage les t\u00e9moignages de mes clients sur leurs soins \u00e9nerg\u00e9tiques et leur chemin de bien-\u00eatre. D\u00e9couvrez leurs exp\u00e9riences sinc\u00e8res.","og_url":"https:\/\/techniquekaedissaec.com\/es\/temoignages-soins-energetiques\/","og_site_name":"Energeti KA Edissaec","article_modified_time":"2025-09-10T19:31:53+00:00","twitter_card":"summary_large_image","schema":{"@context":"https:\/\/schema.org","@graph":[{"@type":"WebPage","@id":"https:\/\/techniquekaedissaec.com\/temoignages-soins-energetiques\/","url":"https:\/\/techniquekaedissaec.com\/temoignages-soins-energetiques\/","name":"T\u00e9moignages clients \u2013 D\u00e9couvrez leurs exp\u00e9riences authentiques","isPartOf":{"@id":"https:\/\/techniquekaedissaec.com\/#website"},"datePublished":"2025-07-19T08:00:25+00:00","dateModified":"2025-09-10T19:31:53+00:00","description":"Je partage les t\u00e9moignages de mes clients sur leurs soins \u00e9nerg\u00e9tiques et leur chemin de bien-\u00eatre. D\u00e9couvrez leurs exp\u00e9riences sinc\u00e8res.","breadcrumb":{"@id":"https:\/\/techniquekaedissaec.com\/temoignages-soins-energetiques\/#breadcrumb"},"inLanguage":"es","potentialAction":[{"@type":"ReadAction","target":["https:\/\/techniquekaedissaec.com\/temoignages-soins-energetiques\/"]}]},{"@type":"BreadcrumbList","@id":"https:\/\/techniquekaedissaec.com\/temoignages-soins-energetiques\/#breadcrumb","itemListElement":[{"@type":"ListItem","position":1,"name":"Portada","item":"https:\/\/techniquekaedissaec.com\/"},{"@type":"ListItem","position":2,"name":"T\u00e9moignages"}]},{"@type":"WebSite","@id":"https:\/\/techniquekaedissaec.com\/#website","url":"https:\/\/techniquekaedissaec.com\/","name":"Energeti KA Edissaec","description":"Lib\u00e9rer ses blessures \u00e9motionnelles pour se reconnecter \u00e0 sa divinit\u00e9","publisher":{"@id":"https:\/\/techniquekaedissaec.com\/#organization"},"potentialAction":[{"@type":"SearchAction","target":{"@type":"EntryPoint","urlTemplate":"https:\/\/techniquekaedissaec.com\/?s={search_term_string}"},"query-input":{"@type":"PropertyValueSpecification","valueRequired":true,"valueName":"search_term_string"}}],"inLanguage":"es"},{"@type":"Organization","@id":"https:\/\/techniquekaedissaec.com\/#organization","name":"Energeti KA Edissaec","url":"https:\/\/techniquekaedissaec.com\/","logo":{"@type":"ImageObject","inLanguage":"es","@id":"https:\/\/techniquekaedissaec.com\/#\/schema\/logo\/image\/","url":"https:\/\/techniquekaedissaec.com\/wp-content\/uploads\/2025\/07\/Logo-06.png","contentUrl":"https:\/\/techniquekaedissaec.com\/wp-content\/uploads\/2025\/07\/Logo-06.png","width":1334,"height":934,"caption":"Energeti KA Edissaec"},"image":{"@id":"https:\/\/techniquekaedissaec.com\/#\/schema\/logo\/image\/"}}]}},"_links":{"self":[{"href":"https:\/\/techniquekaedissaec.com\/es\/wp-json\/wp\/v2\/pages\/3707","targetHints":{"allow":["GET"]}}],"collection":[{"href":"https:\/\/techniquekaedissaec.com\/es\/wp-json\/wp\/v2\/pages"}],"about":[{"href":"https:\/\/techniquekaedissaec.com\/es\/wp-json\/wp\/v2\/types\/page"}],"author":[{"embeddable":true,"href":"https:\/\/techniquekaedissaec.com\/es\/wp-json\/wp\/v2\/users\/1"}],"replies":[{"embeddable":true,"href":"https:\/\/techniquekaedissaec.com\/es\/wp-json\/wp\/v2\/comments?post=3707"}],"version-history":[{"count":23,"href":"https:\/\/techniquekaedissaec.com\/es\/wp-json\/wp\/v2\/pages\/3707\/revisions"}],"predecessor-version":[{"id":4387,"href":"https:\/\/techniquekaedissaec.com\/es\/wp-json\/wp\/v2\/pages\/3707\/revisions\/4387"}],"wp:attachment":[{"href":"https:\/\/techniquekaedissaec.com\/es\/wp-json\/wp\/v2\/media?parent=3707"}],"curies":[{"name":"wp","href":"https:\/\/api.w.org\/{rel}","templated":true}]}}