{"id":3980,"date":"2025-07-21T18:04:07","date_gmt":"2025-07-21T16:04:07","guid":{"rendered":"https:\/\/techniquekaedissaec.com\/?page_id=3980"},"modified":"2025-07-22T02:39:10","modified_gmt":"2025-07-22T00:39:10","slug":"temoignages-morgane-luxembourg","status":"publish","type":"page","link":"https:\/\/techniquekaedissaec.com\/es\/temoignages-morgane-luxembourg\/","title":{"rendered":"Morgane &#8211; Luxembourg"},"content":{"rendered":"","protected":false},"excerpt":{"rendered":"","protected":false},"author":1,"featured_media":0,"parent":0,"menu_order":0,"comment_status":"closed","ping_status":"closed","template":"page-temoignages-morgane-luxembourg-template","meta":{"saved_in_kubio":true,"_joinchat":[],"footnotes":""},"class_list":["post-3980","page","type-page","status-publish","hentry"],"kubio_ai_page_context":{"short_desc":"","purpose":"general"},"yoast_head":"<!-- This site is optimized with the Yoast SEO plugin v27.4 - https:\/\/yoast.com\/product\/yoast-seo-wordpress\/ -->\n<title>Morgane - Luxembourg - Energeti KA Edissaec<\/title>\n<meta name=\"robots\" content=\"index, follow, max-snippet:-1, max-image-preview:large, max-video-preview:-1\" \/>\n<link rel=\"canonical\" href=\"https:\/\/techniquekaedissaec.com\/es\/temoignages-morgane-luxembourg\/\" \/>\n<meta property=\"og:locale\" content=\"es_ES\" \/>\n<meta property=\"og:type\" content=\"article\" \/>\n<meta property=\"og:title\" content=\"Morgane - Luxembourg - Energeti KA Edissaec\" \/>\n<meta property=\"og:url\" content=\"https:\/\/techniquekaedissaec.com\/es\/temoignages-morgane-luxembourg\/\" \/>\n<meta property=\"og:site_name\" content=\"Energeti KA Edissaec\" \/>\n<meta property=\"article:modified_time\" content=\"2025-07-22T00:39:10+00:00\" \/>\n<meta name=\"twitter:card\" content=\"summary_large_image\" \/>\n<script type=\"application\/ld+json\" class=\"yoast-schema-graph\">{\"@context\":\"https:\\\/\\\/schema.org\",\"@graph\":[{\"@type\":\"WebPage\",\"@id\":\"https:\\\/\\\/techniquekaedissaec.com\\\/temoignages-morgane-luxembourg\\\/\",\"url\":\"https:\\\/\\\/techniquekaedissaec.com\\\/temoignages-morgane-luxembourg\\\/\",\"name\":\"Morgane - Luxembourg - Energeti KA Edissaec\",\"isPartOf\":{\"@id\":\"https:\\\/\\\/techniquekaedissaec.com\\\/#website\"},\"datePublished\":\"2025-07-21T16:04:07+00:00\",\"dateModified\":\"2025-07-22T00:39:10+00:00\",\"breadcrumb\":{\"@id\":\"https:\\\/\\\/techniquekaedissaec.com\\\/temoignages-morgane-luxembourg\\\/#breadcrumb\"},\"inLanguage\":\"es\",\"potentialAction\":[{\"@type\":\"ReadAction\",\"target\":[\"https:\\\/\\\/techniquekaedissaec.com\\\/temoignages-morgane-luxembourg\\\/\"]}]},{\"@type\":\"BreadcrumbList\",\"@id\":\"https:\\\/\\\/techniquekaedissaec.com\\\/temoignages-morgane-luxembourg\\\/#breadcrumb\",\"itemListElement\":[{\"@type\":\"ListItem\",\"position\":1,\"name\":\"Portada\",\"item\":\"https:\\\/\\\/techniquekaedissaec.com\\\/\"},{\"@type\":\"ListItem\",\"position\":2,\"name\":\"Morgane &#8211; Luxembourg\"}]},{\"@type\":\"WebSite\",\"@id\":\"https:\\\/\\\/techniquekaedissaec.com\\\/#website\",\"url\":\"https:\\\/\\\/techniquekaedissaec.com\\\/\",\"name\":\"Energeti KA Edissaec\",\"description\":\"Lib\u00e9rer ses blessures \u00e9motionnelles pour se reconnecter \u00e0 sa divinit\u00e9\",\"publisher\":{\"@id\":\"https:\\\/\\\/techniquekaedissaec.com\\\/#organization\"},\"potentialAction\":[{\"@type\":\"SearchAction\",\"target\":{\"@type\":\"EntryPoint\",\"urlTemplate\":\"https:\\\/\\\/techniquekaedissaec.com\\\/?s={search_term_string}\"},\"query-input\":{\"@type\":\"PropertyValueSpecification\",\"valueRequired\":true,\"valueName\":\"search_term_string\"}}],\"inLanguage\":\"es\"},{\"@type\":\"Organization\",\"@id\":\"https:\\\/\\\/techniquekaedissaec.com\\\/#organization\",\"name\":\"Energeti KA Edissaec\",\"url\":\"https:\\\/\\\/techniquekaedissaec.com\\\/\",\"logo\":{\"@type\":\"ImageObject\",\"inLanguage\":\"es\",\"@id\":\"https:\\\/\\\/techniquekaedissaec.com\\\/#\\\/schema\\\/logo\\\/image\\\/\",\"url\":\"https:\\\/\\\/techniquekaedissaec.com\\\/wp-content\\\/uploads\\\/2025\\\/07\\\/Logo-06.png\",\"contentUrl\":\"https:\\\/\\\/techniquekaedissaec.com\\\/wp-content\\\/uploads\\\/2025\\\/07\\\/Logo-06.png\",\"width\":1334,\"height\":934,\"caption\":\"Energeti KA Edissaec\"},\"image\":{\"@id\":\"https:\\\/\\\/techniquekaedissaec.com\\\/#\\\/schema\\\/logo\\\/image\\\/\"}}]}<\/script>\n<!-- \/ Yoast SEO plugin. -->","yoast_head_json":{"title":"Morgane - Luxembourg - Energeti KA Edissaec","robots":{"index":"index","follow":"follow","max-snippet":"max-snippet:-1","max-image-preview":"max-image-preview:large","max-video-preview":"max-video-preview:-1"},"canonical":"https:\/\/techniquekaedissaec.com\/es\/temoignages-morgane-luxembourg\/","og_locale":"es_ES","og_type":"article","og_title":"Morgane - Luxembourg - Energeti KA Edissaec","og_url":"https:\/\/techniquekaedissaec.com\/es\/temoignages-morgane-luxembourg\/","og_site_name":"Energeti KA Edissaec","article_modified_time":"2025-07-22T00:39:10+00:00","twitter_card":"summary_large_image","schema":{"@context":"https:\/\/schema.org","@graph":[{"@type":"WebPage","@id":"https:\/\/techniquekaedissaec.com\/temoignages-morgane-luxembourg\/","url":"https:\/\/techniquekaedissaec.com\/temoignages-morgane-luxembourg\/","name":"Morgane - Luxembourg - Energeti KA Edissaec","isPartOf":{"@id":"https:\/\/techniquekaedissaec.com\/#website"},"datePublished":"2025-07-21T16:04:07+00:00","dateModified":"2025-07-22T00:39:10+00:00","breadcrumb":{"@id":"https:\/\/techniquekaedissaec.com\/temoignages-morgane-luxembourg\/#breadcrumb"},"inLanguage":"es","potentialAction":[{"@type":"ReadAction","target":["https:\/\/techniquekaedissaec.com\/temoignages-morgane-luxembourg\/"]}]},{"@type":"BreadcrumbList","@id":"https:\/\/techniquekaedissaec.com\/temoignages-morgane-luxembourg\/#breadcrumb","itemListElement":[{"@type":"ListItem","position":1,"name":"Portada","item":"https:\/\/techniquekaedissaec.com\/"},{"@type":"ListItem","position":2,"name":"Morgane &#8211; Luxembourg"}]},{"@type":"WebSite","@id":"https:\/\/techniquekaedissaec.com\/#website","url":"https:\/\/techniquekaedissaec.com\/","name":"Energeti KA Edissaec","description":"Lib\u00e9rer ses blessures \u00e9motionnelles pour se reconnecter \u00e0 sa divinit\u00e9","publisher":{"@id":"https:\/\/techniquekaedissaec.com\/#organization"},"potentialAction":[{"@type":"SearchAction","target":{"@type":"EntryPoint","urlTemplate":"https:\/\/techniquekaedissaec.com\/?s={search_term_string}"},"query-input":{"@type":"PropertyValueSpecification","valueRequired":true,"valueName":"search_term_string"}}],"inLanguage":"es"},{"@type":"Organization","@id":"https:\/\/techniquekaedissaec.com\/#organization","name":"Energeti KA Edissaec","url":"https:\/\/techniquekaedissaec.com\/","logo":{"@type":"ImageObject","inLanguage":"es","@id":"https:\/\/techniquekaedissaec.com\/#\/schema\/logo\/image\/","url":"https:\/\/techniquekaedissaec.com\/wp-content\/uploads\/2025\/07\/Logo-06.png","contentUrl":"https:\/\/techniquekaedissaec.com\/wp-content\/uploads\/2025\/07\/Logo-06.png","width":1334,"height":934,"caption":"Energeti KA Edissaec"},"image":{"@id":"https:\/\/techniquekaedissaec.com\/#\/schema\/logo\/image\/"}}]}},"_links":{"self":[{"href":"https:\/\/techniquekaedissaec.com\/es\/wp-json\/wp\/v2\/pages\/3980","targetHints":{"allow":["GET"]}}],"collection":[{"href":"https:\/\/techniquekaedissaec.com\/es\/wp-json\/wp\/v2\/pages"}],"about":[{"href":"https:\/\/techniquekaedissaec.com\/es\/wp-json\/wp\/v2\/types\/page"}],"author":[{"embeddable":true,"href":"https:\/\/techniquekaedissaec.com\/es\/wp-json\/wp\/v2\/users\/1"}],"replies":[{"embeddable":true,"href":"https:\/\/techniquekaedissaec.com\/es\/wp-json\/wp\/v2\/comments?post=3980"}],"version-history":[{"count":3,"href":"https:\/\/techniquekaedissaec.com\/es\/wp-json\/wp\/v2\/pages\/3980\/revisions"}],"predecessor-version":[{"id":4049,"href":"https:\/\/techniquekaedissaec.com\/es\/wp-json\/wp\/v2\/pages\/3980\/revisions\/4049"}],"wp:attachment":[{"href":"https:\/\/techniquekaedissaec.com\/es\/wp-json\/wp\/v2\/media?parent=3980"}],"curies":[{"name":"wp","href":"https:\/\/api.w.org\/{rel}","templated":true}]}}