{"id":2918,"date":"2025-07-04T00:10:52","date_gmt":"2025-07-03T22:10:52","guid":{"rendered":"https:\/\/techniquekaedissaec.com\/a-propos-1\/"},"modified":"2025-07-22T02:34:28","modified_gmt":"2025-07-22T00:34:28","slug":"a-propos-patricia-monceau","status":"publish","type":"page","link":"https:\/\/techniquekaedissaec.com\/fr\/a-propos-patricia-monceau\/","title":{"rendered":"A propos"},"content":{"rendered":"\n\n\n\n\n\n\n\n","protected":false},"excerpt":{"rendered":"","protected":false},"author":1,"featured_media":0,"parent":0,"menu_order":0,"comment_status":"closed","ping_status":"closed","template":"page-a-propos-template-3","meta":{"saved_in_kubio":true,"_joinchat":[],"footnotes":""},"class_list":["post-2918","page","type-page","status-publish","hentry"],"kubio_ai_page_context":{"short_desc":"","purpose":"general"},"yoast_head":"<!-- This site is optimized with the Yoast SEO plugin v27.4 - https:\/\/yoast.com\/product\/yoast-seo-wordpress\/ -->\n<title>Patricia Monceau \u2013 Mon parcours et la m\u00e9thode KA Edissaec<\/title>\n<meta name=\"description\" content=\"De l&#039;enseignement scientifique \u00e0 la m\u00e9thode KA Edissaec : d\u00e9couvrez mon chemin spirituel vers la lib\u00e9ration des m\u00e9moires de l\u2019\u00e2me.\" \/>\n<meta name=\"robots\" content=\"index, follow, max-snippet:-1, max-image-preview:large, max-video-preview:-1\" \/>\n<link rel=\"canonical\" href=\"https:\/\/techniquekaedissaec.com\/fr\/a-propos-patricia-monceau\/\" \/>\n<meta property=\"og:locale\" content=\"fr_FR\" \/>\n<meta property=\"og:type\" content=\"article\" \/>\n<meta property=\"og:title\" content=\"Patricia Monceau \u2013 Mon parcours et la m\u00e9thode KA Edissaec\" \/>\n<meta property=\"og:description\" content=\"De l&#039;enseignement scientifique \u00e0 la m\u00e9thode KA Edissaec : d\u00e9couvrez mon chemin spirituel vers la lib\u00e9ration des m\u00e9moires de l\u2019\u00e2me.\" \/>\n<meta property=\"og:url\" content=\"https:\/\/techniquekaedissaec.com\/fr\/a-propos-patricia-monceau\/\" \/>\n<meta property=\"og:site_name\" content=\"Energeti KA Edissaec\" \/>\n<meta property=\"article:modified_time\" content=\"2025-07-22T00:34:28+00:00\" \/>\n<meta name=\"twitter:card\" content=\"summary_large_image\" \/>\n<script type=\"application\/ld+json\" class=\"yoast-schema-graph\">{\"@context\":\"https:\\\/\\\/schema.org\",\"@graph\":[{\"@type\":\"WebPage\",\"@id\":\"https:\\\/\\\/techniquekaedissaec.com\\\/a-propos-patricia-monceau\\\/\",\"url\":\"https:\\\/\\\/techniquekaedissaec.com\\\/a-propos-patricia-monceau\\\/\",\"name\":\"Patricia Monceau \u2013 Mon parcours et la m\u00e9thode KA Edissaec\",\"isPartOf\":{\"@id\":\"https:\\\/\\\/techniquekaedissaec.com\\\/#website\"},\"datePublished\":\"2025-07-03T22:10:52+00:00\",\"dateModified\":\"2025-07-22T00:34:28+00:00\",\"description\":\"De l'enseignement scientifique \u00e0 la m\u00e9thode KA Edissaec : d\u00e9couvrez mon chemin spirituel vers la lib\u00e9ration des m\u00e9moires de l\u2019\u00e2me.\",\"breadcrumb\":{\"@id\":\"https:\\\/\\\/techniquekaedissaec.com\\\/a-propos-patricia-monceau\\\/#breadcrumb\"},\"inLanguage\":\"fr-FR\",\"potentialAction\":[{\"@type\":\"ReadAction\",\"target\":[\"https:\\\/\\\/techniquekaedissaec.com\\\/a-propos-patricia-monceau\\\/\"]}]},{\"@type\":\"BreadcrumbList\",\"@id\":\"https:\\\/\\\/techniquekaedissaec.com\\\/a-propos-patricia-monceau\\\/#breadcrumb\",\"itemListElement\":[{\"@type\":\"ListItem\",\"position\":1,\"name\":\"Portada\",\"item\":\"https:\\\/\\\/techniquekaedissaec.com\\\/\"},{\"@type\":\"ListItem\",\"position\":2,\"name\":\"A propos\"}]},{\"@type\":\"WebSite\",\"@id\":\"https:\\\/\\\/techniquekaedissaec.com\\\/#website\",\"url\":\"https:\\\/\\\/techniquekaedissaec.com\\\/\",\"name\":\"Energeti KA Edissaec\",\"description\":\"Lib\u00e9rer ses blessures \u00e9motionnelles pour se reconnecter \u00e0 sa divinit\u00e9\",\"publisher\":{\"@id\":\"https:\\\/\\\/techniquekaedissaec.com\\\/#organization\"},\"potentialAction\":[{\"@type\":\"SearchAction\",\"target\":{\"@type\":\"EntryPoint\",\"urlTemplate\":\"https:\\\/\\\/techniquekaedissaec.com\\\/?s={search_term_string}\"},\"query-input\":{\"@type\":\"PropertyValueSpecification\",\"valueRequired\":true,\"valueName\":\"search_term_string\"}}],\"inLanguage\":\"fr-FR\"},{\"@type\":\"Organization\",\"@id\":\"https:\\\/\\\/techniquekaedissaec.com\\\/#organization\",\"name\":\"Energeti KA Edissaec\",\"url\":\"https:\\\/\\\/techniquekaedissaec.com\\\/\",\"logo\":{\"@type\":\"ImageObject\",\"inLanguage\":\"fr-FR\",\"@id\":\"https:\\\/\\\/techniquekaedissaec.com\\\/#\\\/schema\\\/logo\\\/image\\\/\",\"url\":\"https:\\\/\\\/techniquekaedissaec.com\\\/wp-content\\\/uploads\\\/2025\\\/07\\\/Logo-06.png\",\"contentUrl\":\"https:\\\/\\\/techniquekaedissaec.com\\\/wp-content\\\/uploads\\\/2025\\\/07\\\/Logo-06.png\",\"width\":1334,\"height\":934,\"caption\":\"Energeti KA Edissaec\"},\"image\":{\"@id\":\"https:\\\/\\\/techniquekaedissaec.com\\\/#\\\/schema\\\/logo\\\/image\\\/\"}}]}<\/script>\n<!-- \/ Yoast SEO plugin. -->","yoast_head_json":{"title":"Patricia Monceau \u2013 Mon parcours et la m\u00e9thode KA Edissaec","description":"De l'enseignement scientifique \u00e0 la m\u00e9thode KA Edissaec : d\u00e9couvrez mon chemin spirituel vers la lib\u00e9ration des m\u00e9moires de l\u2019\u00e2me.","robots":{"index":"index","follow":"follow","max-snippet":"max-snippet:-1","max-image-preview":"max-image-preview:large","max-video-preview":"max-video-preview:-1"},"canonical":"https:\/\/techniquekaedissaec.com\/fr\/a-propos-patricia-monceau\/","og_locale":"fr_FR","og_type":"article","og_title":"Patricia Monceau \u2013 Mon parcours et la m\u00e9thode KA Edissaec","og_description":"De l'enseignement scientifique \u00e0 la m\u00e9thode KA Edissaec : d\u00e9couvrez mon chemin spirituel vers la lib\u00e9ration des m\u00e9moires de l\u2019\u00e2me.","og_url":"https:\/\/techniquekaedissaec.com\/fr\/a-propos-patricia-monceau\/","og_site_name":"Energeti KA Edissaec","article_modified_time":"2025-07-22T00:34:28+00:00","twitter_card":"summary_large_image","schema":{"@context":"https:\/\/schema.org","@graph":[{"@type":"WebPage","@id":"https:\/\/techniquekaedissaec.com\/a-propos-patricia-monceau\/","url":"https:\/\/techniquekaedissaec.com\/a-propos-patricia-monceau\/","name":"Patricia Monceau \u2013 Mon parcours et la m\u00e9thode KA Edissaec","isPartOf":{"@id":"https:\/\/techniquekaedissaec.com\/#website"},"datePublished":"2025-07-03T22:10:52+00:00","dateModified":"2025-07-22T00:34:28+00:00","description":"De l'enseignement scientifique \u00e0 la m\u00e9thode KA Edissaec : d\u00e9couvrez mon chemin spirituel vers la lib\u00e9ration des m\u00e9moires de l\u2019\u00e2me.","breadcrumb":{"@id":"https:\/\/techniquekaedissaec.com\/a-propos-patricia-monceau\/#breadcrumb"},"inLanguage":"fr-FR","potentialAction":[{"@type":"ReadAction","target":["https:\/\/techniquekaedissaec.com\/a-propos-patricia-monceau\/"]}]},{"@type":"BreadcrumbList","@id":"https:\/\/techniquekaedissaec.com\/a-propos-patricia-monceau\/#breadcrumb","itemListElement":[{"@type":"ListItem","position":1,"name":"Portada","item":"https:\/\/techniquekaedissaec.com\/"},{"@type":"ListItem","position":2,"name":"A propos"}]},{"@type":"WebSite","@id":"https:\/\/techniquekaedissaec.com\/#website","url":"https:\/\/techniquekaedissaec.com\/","name":"Energeti KA Edissaec","description":"Lib\u00e9rer ses blessures \u00e9motionnelles pour se reconnecter \u00e0 sa divinit\u00e9","publisher":{"@id":"https:\/\/techniquekaedissaec.com\/#organization"},"potentialAction":[{"@type":"SearchAction","target":{"@type":"EntryPoint","urlTemplate":"https:\/\/techniquekaedissaec.com\/?s={search_term_string}"},"query-input":{"@type":"PropertyValueSpecification","valueRequired":true,"valueName":"search_term_string"}}],"inLanguage":"fr-FR"},{"@type":"Organization","@id":"https:\/\/techniquekaedissaec.com\/#organization","name":"Energeti KA Edissaec","url":"https:\/\/techniquekaedissaec.com\/","logo":{"@type":"ImageObject","inLanguage":"fr-FR","@id":"https:\/\/techniquekaedissaec.com\/#\/schema\/logo\/image\/","url":"https:\/\/techniquekaedissaec.com\/wp-content\/uploads\/2025\/07\/Logo-06.png","contentUrl":"https:\/\/techniquekaedissaec.com\/wp-content\/uploads\/2025\/07\/Logo-06.png","width":1334,"height":934,"caption":"Energeti KA Edissaec"},"image":{"@id":"https:\/\/techniquekaedissaec.com\/#\/schema\/logo\/image\/"}}]}},"_links":{"self":[{"href":"https:\/\/techniquekaedissaec.com\/fr\/wp-json\/wp\/v2\/pages\/2918","targetHints":{"allow":["GET"]}}],"collection":[{"href":"https:\/\/techniquekaedissaec.com\/fr\/wp-json\/wp\/v2\/pages"}],"about":[{"href":"https:\/\/techniquekaedissaec.com\/fr\/wp-json\/wp\/v2\/types\/page"}],"author":[{"embeddable":true,"href":"https:\/\/techniquekaedissaec.com\/fr\/wp-json\/wp\/v2\/users\/1"}],"replies":[{"embeddable":true,"href":"https:\/\/techniquekaedissaec.com\/fr\/wp-json\/wp\/v2\/comments?post=2918"}],"version-history":[{"count":22,"href":"https:\/\/techniquekaedissaec.com\/fr\/wp-json\/wp\/v2\/pages\/2918\/revisions"}],"predecessor-version":[{"id":4040,"href":"https:\/\/techniquekaedissaec.com\/fr\/wp-json\/wp\/v2\/pages\/2918\/revisions\/4040"}],"wp:attachment":[{"href":"https:\/\/techniquekaedissaec.com\/fr\/wp-json\/wp\/v2\/media?parent=2918"}],"curies":[{"name":"wp","href":"https:\/\/api.w.org\/{rel}","templated":true}]}}